{"id":813,"date":"2019-03-25T15:30:27","date_gmt":"2019-03-25T14:30:27","guid":{"rendered":"http:\/\/www.lesenfantsdarto.be\/ledao\/?page_id=813"},"modified":"2019-03-25T15:33:56","modified_gmt":"2019-03-25T14:33:56","slug":"videos","status":"publish","type":"page","link":"https:\/\/www.lesenfantsdarto.be\/ledao\/videos\/","title":{"rendered":"Vid\u00e9os"},"content":{"rendered":"\n<h3 class=\"wp-block-heading\"><a a=\"\" style=\"color: #ffffff;\" href=\"https:\/\/www.lesenfantsdarto.be\/ledao\/courts-metrages\/\">Acc\u00e9dez aux courts-m\u00e9trages<\/a><\/h3>\n\n\n\n<h3 class=\"wp-block-heading\"><a a=\"\" style=\"color: #ffffff;\" href=\"https:\/\/www.lesenfantsdarto.be\/ledao\/stages-cinema\/\">Acc\u00e9dez aux vid\u00e9os stages cin\u00e9ma<\/a><\/h3>\n<!-- AddThis Advanced Settings generic via filter on the_content --><!-- AddThis Share Buttons generic via filter on the_content -->","protected":false},"excerpt":{"rendered":"<p>Acc\u00e9dez aux courts-m\u00e9trages Acc\u00e9dez aux vid\u00e9os stages cin\u00e9ma<!-- AddThis Advanced Settings generic via filter on get_the_excerpt --><!-- AddThis Share Buttons generic via filter on get_the_excerpt --><\/p>\n","protected":false},"author":1,"featured_media":0,"parent":0,"menu_order":0,"comment_status":"closed","ping_status":"closed","template":"","meta":{"footnotes":""},"class_list":["post-813","page","type-page","status-publish","hentry"],"_links":{"self":[{"href":"https:\/\/www.lesenfantsdarto.be\/ledao\/wp-json\/wp\/v2\/pages\/813","targetHints":{"allow":["GET"]}}],"collection":[{"href":"https:\/\/www.lesenfantsdarto.be\/ledao\/wp-json\/wp\/v2\/pages"}],"about":[{"href":"https:\/\/www.lesenfantsdarto.be\/ledao\/wp-json\/wp\/v2\/types\/page"}],"author":[{"embeddable":true,"href":"https:\/\/www.lesenfantsdarto.be\/ledao\/wp-json\/wp\/v2\/users\/1"}],"replies":[{"embeddable":true,"href":"https:\/\/www.lesenfantsdarto.be\/ledao\/wp-json\/wp\/v2\/comments?post=813"}],"version-history":[{"count":2,"href":"https:\/\/www.lesenfantsdarto.be\/ledao\/wp-json\/wp\/v2\/pages\/813\/revisions"}],"predecessor-version":[{"id":816,"href":"https:\/\/www.lesenfantsdarto.be\/ledao\/wp-json\/wp\/v2\/pages\/813\/revisions\/816"}],"wp:attachment":[{"href":"https:\/\/www.lesenfantsdarto.be\/ledao\/wp-json\/wp\/v2\/media?parent=813"}],"curies":[{"name":"wp","href":"https:\/\/api.w.org\/{rel}","templated":true}]}}