{"id":65,"date":"2016-06-03T16:14:52","date_gmt":"2016-06-03T15:14:52","guid":{"rendered":"http:\/\/lesenfantsdarto.be\/ledao\/?page_id=65"},"modified":"2016-06-15T18:23:16","modified_gmt":"2016-06-15T17:23:16","slug":"photos","status":"publish","type":"page","link":"https:\/\/www.lesenfantsdarto.be\/ledao\/photos\/","title":{"rendered":"Photos"},"content":{"rendered":"<h2><span style=\"color: #ffffff;\"><a style=\"color: #ffffff;\" href=\"http:\/\/lesenfantsdarto.be\/ledao\/photos-ateliers-theatre\/\"><span style=\"text-decoration: underline;\">Galeries Photos<\/span><\/a><\/span><\/h2>\n<p>&nbsp;<\/p>\n<h2><span style=\"color: #ffffff;\">Vous pouvez aussi nous suivre sur <a style=\"color: #ffffff;\" href=\"http:\/\/www.instagram.com\/lesenfantsdarto\/\">Instagram<\/a> !<\/span><\/h2>\n<p>&nbsp;<\/p>\n<blockquote class=\"instagram-media\" style=\"background: #FFF; border: 0; border-radius: 3px; box-shadow: 0 0 1px 0 rgba(0,0,0,0.5),0 1px 10px 0 rgba(0,0,0,0.15); margin: 1px; max-width: 658px; padding: 0; width: calc(100% - 2px);\" data-instgrm-captioned=\"\" data-instgrm-version=\"7\">\n<div style=\"padding: 8px;\">\n<div style=\"background: #F8F8F8; line-height: 0; margin-top: 40px; padding: 50.0% 0; text-align: center; width: 100%;\"><\/div>\n<p style=\"margin: 8px 0 0 0; padding: 0 4px;\"><a style=\"color: #000; font-family: Arial,sans-serif; font-size: 14px; font-style: normal; font-weight: normal; line-height: 17px; text-decoration: none; word-wrap: break-word;\" href=\"https:\/\/www.instagram.com\/p\/BFW7g-vj3t-\/\" target=\"_blank\">R\u00e9p\u00e9tition g\u00e9n\u00e9rale \ud83d\ude42<\/a><\/p>\n<p style=\"color: #c9c8cd; font-family: Arial,sans-serif; font-size: 14px; line-height: 17px; margin-bottom: 0; margin-top: 8px; overflow: hidden; padding: 8px 0 7px; text-align: center; text-overflow: ellipsis; white-space: nowrap;\">Une photo publi\u00e9e par Les Enfants d&rsquo;Art&rsquo;O (@lesenfantsdarto) le <time style=\"font-family: Arial,sans-serif; font-size: 14px; line-height: 17px;\" datetime=\"2016-05-13T18:56:34+00:00\">13 Mai 2016 \u00e0 11h56 PDT<\/time><\/p>\n<\/div>\n<\/blockquote>\n<p><script src=\"\/\/platform.instagram.com\/en_US\/embeds.js\" async=\"\" defer=\"defer\"><\/script><\/p>\n<p>&nbsp;<\/p>\n<p>&nbsp;<\/p>\n<p>&nbsp;<\/p>\n<!-- AddThis Advanced Settings generic via filter on the_content --><!-- AddThis Share Buttons generic via filter on the_content -->","protected":false},"excerpt":{"rendered":"<p>Galeries Photos &nbsp; Vous pouvez aussi nous suivre sur Instagram ! &nbsp; R\u00e9p\u00e9tition g\u00e9n\u00e9rale \ud83d\ude42 Une photo publi\u00e9e par Les Enfants d&rsquo;Art&rsquo;O (@lesenfantsdarto) le 13 Mai 2016 \u00e0 11h56 PDT &nbsp; &nbsp; &nbsp;<!-- AddThis Advanced Settings generic via filter on get_the_excerpt --><!-- AddThis Share Buttons generic via filter on get_the_excerpt --><\/p>\n","protected":false},"author":1,"featured_media":0,"parent":0,"menu_order":0,"comment_status":"closed","ping_status":"closed","template":"","meta":{"footnotes":""},"class_list":["post-65","page","type-page","status-publish","hentry"],"_links":{"self":[{"href":"https:\/\/www.lesenfantsdarto.be\/ledao\/wp-json\/wp\/v2\/pages\/65","targetHints":{"allow":["GET"]}}],"collection":[{"href":"https:\/\/www.lesenfantsdarto.be\/ledao\/wp-json\/wp\/v2\/pages"}],"about":[{"href":"https:\/\/www.lesenfantsdarto.be\/ledao\/wp-json\/wp\/v2\/types\/page"}],"author":[{"embeddable":true,"href":"https:\/\/www.lesenfantsdarto.be\/ledao\/wp-json\/wp\/v2\/users\/1"}],"replies":[{"embeddable":true,"href":"https:\/\/www.lesenfantsdarto.be\/ledao\/wp-json\/wp\/v2\/comments?post=65"}],"version-history":[{"count":5,"href":"https:\/\/www.lesenfantsdarto.be\/ledao\/wp-json\/wp\/v2\/pages\/65\/revisions"}],"predecessor-version":[{"id":222,"href":"https:\/\/www.lesenfantsdarto.be\/ledao\/wp-json\/wp\/v2\/pages\/65\/revisions\/222"}],"wp:attachment":[{"href":"https:\/\/www.lesenfantsdarto.be\/ledao\/wp-json\/wp\/v2\/media?parent=65"}],"curies":[{"name":"wp","href":"https:\/\/api.w.org\/{rel}","templated":true}]}}