{"id":540,"date":"2018-04-02T10:35:17","date_gmt":"2018-04-02T09:35:17","guid":{"rendered":"http:\/\/www.lesenfantsdarto.be\/ledao\/?page_id=540"},"modified":"2021-03-22T09:51:32","modified_gmt":"2021-03-22T08:51:32","slug":"stages-cinema","status":"publish","type":"page","link":"https:\/\/www.lesenfantsdarto.be\/ledao\/stages-cinema\/","title":{"rendered":"stages-cin\u00e9ma"},"content":{"rendered":"<h1><span style=\"color: #ffffff;\"><strong><span style=\"text-decoration: underline;\">Stage d&rsquo;initiation au cin\u00e9ma<\/span><br \/>\n<\/strong><\/span><\/h1>\n<p><span style=\"color: #ffffff;\">Lors de ce stage, les participants* d\u00e9couvriront l&rsquo;envers du d\u00e9cor en \u00e9tant tour \u00e0 tour r\u00e9alisateur, acteur, cadreur, preneur de son,&#8230; et ils r\u00e9aliseront leur court-m\u00e9trage !<\/span><\/p>\n<p><span style=\"color: #ffffff;\">Stage <strong>du 16 au 20 ao\u00fbt de 13h30 \u00e0 17h<\/strong> \u00e0 la MJ Port&rsquo;Ouverte, avenue Minjean, 9 \u00e0 Tournai.<\/span><\/p>\n<p>&nbsp;<\/p>\n<p>&nbsp;<\/p>\n<p><span style=\"color: #ffffff;\">Prix : 75,00\u20ac <\/span><\/p>\n<p><span style=\"color: #ffffff;\"> Suivez-nous sur<strong> <span style=\"color: #3366ff;\"><a style=\"color: #3366ff;\" href=\"https:\/\/www.facebook.com\/lesenfantsdarto\/\" target=\"_blank\" rel=\"noopener noreferrer\">Facebook<\/a><\/span> <\/strong> !<br \/>\n<\/span><\/p>\n<div id=\"attachment_35\" style=\"width: 310px\" class=\"wp-caption alignright\"><img loading=\"lazy\" decoding=\"async\" aria-describedby=\"caption-attachment-35\" class=\"size-medium wp-image-35\" src=\"http:\/\/lesenfantsdarto.be\/ledao\/wp-content\/uploads\/2016\/06\/stage-effets-speciaux-300x170.jpg\" alt=\"Coulisses du stage effets sp\u00e9ciaux - Th\u00e9\u00e2tre les Enfants d'Art'\u00d4\" width=\"300\" height=\"170\" srcset=\"https:\/\/www.lesenfantsdarto.be\/ledao\/wp-content\/uploads\/2016\/06\/stage-effets-speciaux-300x170.jpg 300w, https:\/\/www.lesenfantsdarto.be\/ledao\/wp-content\/uploads\/2016\/06\/stage-effets-speciaux.jpg 359w\" sizes=\"auto, (max-width: 300px) 100vw, 300px\" \/><p id=\"caption-attachment-35\" class=\"wp-caption-text\"><span style=\"color: #ffffff;\">Coulisses du stage effets sp\u00e9ciaux &#8211; Th\u00e9\u00e2tre les Enfants d&rsquo;Art&rsquo;\u00d4<\/span><\/p><\/div>\n<p>&nbsp;<\/p>\n<p>&nbsp;<\/p>\n<p><span style=\"color: #ffffff;\">Infos et inscriptions : info@lesenfantsdarto.be ou au 069\/810.261<\/span><\/p>\n<p><span style=\"color: #ffffff;\">* \u00e0 partir de 11 ans<br \/>\n<\/span><\/p>\n<p>&nbsp;<\/p>\n<p>&nbsp;<\/p>\n<p>&nbsp;<\/p>\n<p>&nbsp;<\/p>\n<p><span style=\"color: #ffffff;\"><strong><span style=\"text-decoration: underline;\">Voici le dernier court-m\u00e9trage \u00ab\u00a0Fun News\u00a0\u00bb<br \/>\n<\/span><\/strong><\/span><br \/>\n<span style=\"color: #ffffff;\">r\u00e9alis\u00e9 par les participants lors du dernier stage d\u2019initiation au cin\u00e9ma en collaboration avec la maison de jeunes <a style=\"color: #ffffff;\" href=\"https:\/\/www.portouverte.net\/\" target=\"_blank\" rel=\"noopener noreferrer\">Port&rsquo;Ouverte<\/a> de Tournai et Kinovideo !<\/span><\/p>\n<p><span style=\"color: #ffffff;\"><strong>Synopsis :<\/strong>Quand les jeunes r\u00e9alisent un journal t\u00e9l\u00e9vis\u00e9&#8230;  <\/span><\/p>\n<p><iframe loading=\"lazy\" title=\"Fun News\" width=\"620\" height=\"349\" src=\"https:\/\/www.youtube.com\/embed\/-XFfckyKa84?feature=oembed\" frameborder=\"0\" allow=\"accelerometer; autoplay; clipboard-write; encrypted-media; gyroscope; picture-in-picture; web-share\" referrerpolicy=\"strict-origin-when-cross-origin\" allowfullscreen><\/iframe><\/p>\n<p>&nbsp;<\/p>\n<p>&nbsp;<\/p>\n<p>&nbsp;<\/p>\n<p><span style=\"color: #ffffff;\"><strong><span style=\"text-decoration: underline;\">\u00ab\u00a0\u221atoxic\u00a0\u00bb<br \/>\n<\/span><\/strong><\/span><br \/>\n<span style=\"color: #ffffff;\">r\u00e9alis\u00e9 par les participants lors du dernier stage d\u2019initiation au cin\u00e9ma en collaboration avec la maison de jeunes <a style=\"color: #ffffff;\" href=\"https:\/\/www.portouverte.net\/\" target=\"_blank\" rel=\"noopener noreferrer\">Port&rsquo;Ouverte<\/a> de Tournai et Kinovideo !<\/span><\/p>\n<p><span style=\"color: #ffffff;\"><strong>Synopsis :<\/strong>Des jeunes passent le temps dans un chalet au milieu des bois, et d\u00e9couvrent une nouvelle \u00e9trange en regardant la m\u00e9t\u00e9o&#8230;  <\/span><\/p>\n<p><iframe loading=\"lazy\" title=\"\u221atoxic\" width=\"620\" height=\"349\" src=\"https:\/\/www.youtube.com\/embed\/Mqb-08tOf7k?feature=oembed\" frameborder=\"0\" allow=\"accelerometer; autoplay; clipboard-write; encrypted-media; gyroscope; picture-in-picture; web-share\" referrerpolicy=\"strict-origin-when-cross-origin\" allowfullscreen><\/iframe><\/p>\n<p>&nbsp;<\/p>\n<p>&nbsp;<\/p>\n<p>&nbsp;<\/p>\n<p><span style=\"color: #ffffff;\"><strong><span style=\"text-decoration: underline;\">\u00ab\u00a0Le Grimoire oubli\u00e9\u00a0\u00bb<\/span><\/strong><\/span><\/p>\n<p><span style=\"color: #ffffff;\">r\u00e9alis\u00e9 par les participants lors du dernier stage d\u2019initiation au cin\u00e9ma en collaboration avec la maison de jeunes <a style=\"color: #ffffff;\" href=\"https:\/\/www.portouverte.net\/\" target=\"_blank\" rel=\"noopener noreferrer\">Port&rsquo;Ouverte<\/a> de Tournai et Kinovideo !<\/span><\/p>\n<p><span style=\"color: #ffffff;\"><strong>Synopsis :<\/strong> Voil\u00e0 que dans un vieux roman se cache le Grimoire oubli\u00e9&#8230; Et hop, sa magie puissante nous entra\u00eene dans les couloirs du temps!<\/span><\/p>\n<p><iframe loading=\"lazy\" title=\"Le Grimoire oubli\u00e9\" width=\"620\" height=\"349\" src=\"https:\/\/www.youtube.com\/embed\/jmbgq8LRk-E?feature=oembed\" frameborder=\"0\" allow=\"accelerometer; autoplay; clipboard-write; encrypted-media; gyroscope; picture-in-picture; web-share\" referrerpolicy=\"strict-origin-when-cross-origin\" allowfullscreen><\/iframe><\/p>\n<p>&nbsp;<\/p>\n<p>&nbsp;<\/p>\n<p>&nbsp;<\/p>\n<p><span style=\"color: #ffffff;\"><strong><span style=\"text-decoration: underline;\">\u00ab\u00a0L&rsquo;H\u00e9ritage\u00a0\u00bb<br \/>\n<\/span><\/strong><\/span><\/p>\n<p><span style=\"color: #ffffff;\">r\u00e9alis\u00e9 par les participants lors d&rsquo;un stage d\u2019initiation au cin\u00e9ma en collaboration avec la maison de jeunes <a style=\"color: #ffffff;\" href=\"https:\/\/www.portouverte.net\/\" target=\"_blank\" rel=\"noopener noreferrer\">Port&rsquo;Ouverte<\/a> de Tournai et Kinovideo !<\/span><\/p>\n<p><iframe loading=\"lazy\" title=\"L&#039;H\u00e9ritage\" width=\"620\" height=\"349\" src=\"https:\/\/www.youtube.com\/embed\/BX9cc_fNbOk?feature=oembed\" frameborder=\"0\" allow=\"accelerometer; autoplay; clipboard-write; encrypted-media; gyroscope; picture-in-picture; web-share\" referrerpolicy=\"strict-origin-when-cross-origin\" allowfullscreen><\/iframe><\/p>\n<p>&nbsp;<\/p>\n<p>&nbsp;<\/p>\n<p>&nbsp;<\/p>\n<p><span style=\"color: #ffffff;\"><strong><span style=\"text-decoration: underline;\">\u00ab\u00a0Gang Up\u00a0\u00bb<br \/>\n<\/span><\/strong><\/span><\/p>\n<p><span style=\"color: #ffffff;\">r\u00e9alis\u00e9 par les participants lors d&rsquo;un stage d\u2019initiation au cin\u00e9ma avec effets sp\u00e9ciaux en collaboration avec la maison de jeunes <a style=\"color: #ffffff;\" href=\"https:\/\/www.portouverte.net\/\" target=\"_blank\" rel=\"noopener noreferrer\">Port&rsquo;Ouverte<\/a> de Tournai !<\/span><\/p>\n<p><span style=\"color: #ffffff;\"><strong>Synopsis :<\/strong> des enqu\u00eatrices ont re\u00e7u un message : un braquage se pr\u00e9pare&#8230;<br \/>\n<\/span><\/p>\n<p><iframe loading=\"lazy\" title=\"Gang Up\" width=\"620\" height=\"349\" src=\"https:\/\/www.youtube.com\/embed\/9GyML0uVgls?feature=oembed\" frameborder=\"0\" allow=\"accelerometer; autoplay; clipboard-write; encrypted-media; gyroscope; picture-in-picture; web-share\" referrerpolicy=\"strict-origin-when-cross-origin\" allowfullscreen><\/iframe><\/p>\n<p>&nbsp;<\/p>\n<p>&nbsp;<\/p>\n<p>&nbsp;<\/p>\n<p><span style=\"color: #ffffff;\"><strong><span style=\"text-decoration: underline;\">D\u00e9couvrez la bande annonce et le court-m\u00e9trage \u00ab\u00a0Blash Game\u00a0\u00bb<\/span><br \/>\n<\/strong><\/span><\/p>\n<p><span style=\"color: #ffffff;\">r\u00e9alis\u00e9 par les participants lors d&rsquo;un stage d\u2019initiation au cin\u00e9ma avec effets sp\u00e9ciaux !<\/span><\/p>\n<p><span style=\"color: #ffffff;\"><strong>Synopsis :<\/strong> un nouveau jeu vient de sortir, \u00ab Blash Game \u00bb. Seule une poign\u00e9e de joueurs y ont acc\u00e8s pour le moment mais un joueur d\u00e9\u00e7u d\u00e9cide de le pirater\u2026<\/span><\/p>\n<p><iframe loading=\"lazy\" title=\"Blash Game - La Bande Annonce\" width=\"620\" height=\"349\" src=\"https:\/\/www.youtube.com\/embed\/6fzO9Rws4bU?feature=oembed\" frameborder=\"0\" allow=\"accelerometer; autoplay; clipboard-write; encrypted-media; gyroscope; picture-in-picture; web-share\" referrerpolicy=\"strict-origin-when-cross-origin\" allowfullscreen><\/iframe><\/p>\n<p>&nbsp;<\/p>\n<p><iframe loading=\"lazy\" title=\"Blash Game - Le film\" width=\"620\" height=\"349\" src=\"https:\/\/www.youtube.com\/embed\/HBrEU6GSJOw?feature=oembed\" frameborder=\"0\" allow=\"accelerometer; autoplay; clipboard-write; encrypted-media; gyroscope; picture-in-picture; web-share\" referrerpolicy=\"strict-origin-when-cross-origin\" allowfullscreen><\/iframe><\/p>\n<p>&nbsp;<\/p>\n<p><span style=\"color: #ffffff;\">Le court-m\u00e9trage a \u00e9t\u00e9 diffus\u00e9 sur grand \u00e9cran au cin\u00e9ma For&amp;ver \u00e0 Mouscron lors d\u2019une s\u00e9ance priv\u00e9e. <\/span><\/p>\n<p><span style=\"color: #ffffff;\">Lire l&rsquo;article dans la presse locale : <a style=\"color: #ffffff;\" href=\"http:\/\/www.nordeclair.be\/1742147\/article\/2016-12-15\/mouscron-ils-ont-realise-leur-propre-court-metrage-video\" target=\"_blank\" rel=\"noopener noreferrer\">Ils ont r\u00e9alis\u00e9 leur propre court-m\u00e9trage!<\/a><br \/>\n<\/span><\/p>\n<p><span style=\"color: #ffffff;\">Ce stage \u00e0 \u00e9t\u00e9 organis\u00e9 en partenariat avec la maison de jeune <strong><span style=\"text-decoration: underline;\"><a style=\"color: #ffffff; text-decoration: underline;\" href=\"http:\/\/www.mjlafregate.be\/\" target=\"_blank\" rel=\"noopener noreferrer\">La Fr\u00e9gate<\/a><\/span><\/strong> de Mouscron.<\/span><\/p>\n<p>&nbsp;<\/p>\n<p><span style=\"color: #ffffff;\">D\u00e9couvrez \u00e9galement <span style=\"text-decoration: underline;\"><a style=\"color: #ffffff; text-decoration: underline;\" href=\"http:\/\/blashgame.tk\/\" target=\"_blank\" rel=\"noopener noreferrer\">le site du court-m\u00e9trage ici : <strong>www.blashgame.tk<\/strong><\/a><\/span><\/span><\/p>\n<p>&nbsp;<\/p>\n<p>&nbsp;<\/p>\n<p>&nbsp;<\/p>\n<h3><span style=\"text-decoration: underline; color: #ffffff;\">Voici quelques courts-m\u00e9trages r\u00e9alis\u00e9s lors de pr\u00e9c\u00e9dents stages.<\/span><\/h3>\n<p>&nbsp;<\/p>\n<p><span style=\"color: #ffffff;\">Monsters \u00c9vasion (stage effets sp\u00e9ciaux)<\/span><\/p>\n<p><iframe loading=\"lazy\" title=\"Monsters Evasion\" width=\"620\" height=\"349\" src=\"https:\/\/www.youtube.com\/embed\/0yglLbd8Nnw?feature=oembed\" frameborder=\"0\" allow=\"accelerometer; autoplay; clipboard-write; encrypted-media; gyroscope; picture-in-picture; web-share\" referrerpolicy=\"strict-origin-when-cross-origin\" allowfullscreen><\/iframe><\/p>\n<p>&nbsp;<\/p>\n<p><span style=\"color: #ffffff;\">L&rsquo;Orichalque sacr\u00e9 (stage effets sp\u00e9ciaux)<\/span><\/p>\n<p><iframe loading=\"lazy\" title=\"L&#039;Orichalque Sacr\u00e9\" width=\"620\" height=\"349\" src=\"https:\/\/www.youtube.com\/embed\/-NziMX20pUM?feature=oembed\" frameborder=\"0\" allow=\"accelerometer; autoplay; clipboard-write; encrypted-media; gyroscope; picture-in-picture; web-share\" referrerpolicy=\"strict-origin-when-cross-origin\" allowfullscreen><\/iframe><\/p>\n<p>&nbsp;<\/p>\n<p><span style=\"color: #ffffff;\">Les Experts, ou pas&#8230;<\/span><\/p>\n<p><iframe loading=\"lazy\" title=\"Les experts, ou pas...\" width=\"620\" height=\"349\" src=\"https:\/\/www.youtube.com\/embed\/Wl4s-kcF1B0?feature=oembed\" frameborder=\"0\" allow=\"accelerometer; autoplay; clipboard-write; encrypted-media; gyroscope; picture-in-picture; web-share\" referrerpolicy=\"strict-origin-when-cross-origin\" allowfullscreen><\/iframe><\/p>\n<p>&nbsp;<\/p>\n<p><span style=\"color: #ffffff;\">Une soir\u00e9e mortelle !<\/span><\/p>\n<p><iframe loading=\"lazy\" title=\"Une soir\u00e9e mortelle\" width=\"620\" height=\"349\" src=\"https:\/\/www.youtube.com\/embed\/M3yWi4fvzgs?feature=oembed\" frameborder=\"0\" allow=\"accelerometer; autoplay; clipboard-write; encrypted-media; gyroscope; picture-in-picture; web-share\" referrerpolicy=\"strict-origin-when-cross-origin\" allowfullscreen><\/iframe><\/p>\n<p>&nbsp;<\/p>\n<!-- AddThis Advanced Settings generic via filter on the_content --><!-- AddThis Share Buttons generic via filter on the_content -->","protected":false},"excerpt":{"rendered":"<p>Stage d&rsquo;initiation au cin\u00e9ma Lors de ce stage, les participants* d\u00e9couvriront l&rsquo;envers du d\u00e9cor en \u00e9tant tour \u00e0 tour r\u00e9alisateur, acteur, cadreur, preneur de son,&#8230; et ils r\u00e9aliseront leur court-m\u00e9trage ! Stage du 16 au 20 ao\u00fbt de 13h30 \u00e0 17h \u00e0 la MJ Port&rsquo;Ouverte, avenue Minjean, 9 \u00e0 Tournai. &nbsp; &nbsp; Prix : 75,00\u20ac [&hellip;]<!-- AddThis Advanced Settings generic via filter on get_the_excerpt --><!-- AddThis Share Buttons generic via filter on get_the_excerpt --><\/p>\n","protected":false},"author":1,"featured_media":0,"parent":0,"menu_order":0,"comment_status":"closed","ping_status":"closed","template":"","meta":{"footnotes":""},"class_list":["post-540","page","type-page","status-publish","hentry"],"_links":{"self":[{"href":"https:\/\/www.lesenfantsdarto.be\/ledao\/wp-json\/wp\/v2\/pages\/540","targetHints":{"allow":["GET"]}}],"collection":[{"href":"https:\/\/www.lesenfantsdarto.be\/ledao\/wp-json\/wp\/v2\/pages"}],"about":[{"href":"https:\/\/www.lesenfantsdarto.be\/ledao\/wp-json\/wp\/v2\/types\/page"}],"author":[{"embeddable":true,"href":"https:\/\/www.lesenfantsdarto.be\/ledao\/wp-json\/wp\/v2\/users\/1"}],"replies":[{"embeddable":true,"href":"https:\/\/www.lesenfantsdarto.be\/ledao\/wp-json\/wp\/v2\/comments?post=540"}],"version-history":[{"count":13,"href":"https:\/\/www.lesenfantsdarto.be\/ledao\/wp-json\/wp\/v2\/pages\/540\/revisions"}],"predecessor-version":[{"id":1048,"href":"https:\/\/www.lesenfantsdarto.be\/ledao\/wp-json\/wp\/v2\/pages\/540\/revisions\/1048"}],"wp:attachment":[{"href":"https:\/\/www.lesenfantsdarto.be\/ledao\/wp-json\/wp\/v2\/media?parent=540"}],"curies":[{"name":"wp","href":"https:\/\/api.w.org\/{rel}","templated":true}]}}