{"id":493,"date":"2018-03-18T17:00:19","date_gmt":"2018-03-18T16:00:19","guid":{"rendered":"http:\/\/www.lesenfantsdarto.be\/ledao\/?page_id=493"},"modified":"2018-04-26T20:28:37","modified_gmt":"2018-04-26T19:28:37","slug":"le-temps-des-cerises","status":"publish","type":"page","link":"https:\/\/www.lesenfantsdarto.be\/ledao\/le-temps-des-cerises\/","title":{"rendered":"le temps des cerises"},"content":{"rendered":"<h2><span style=\"color: #ffffff;\">\u00ab Le temps des cerises \u00bb de Fran\u00e7ois Salmon.<\/span><\/h2>\n<p>&nbsp;<\/p>\n<h3><span style=\"color: #ffffff;\"><u>R\u00e9sum\u00e9 <\/u><\/span><\/h3>\n<p><span style=\"color: #ffffff;\">Dalton S.I. annonce le rachat d&rsquo;un vieux th\u00e9\u00e2tre pour y construire leur si\u00e8ge europ\u00e9en. Une bande de jeunes investit le b\u00e2timent afin d&#8217;emp\u00eacher sa d\u00e9molition. Deux squatteurs occupent les lieux lorsque les fils Dalton font le tour du propri\u00e9taire&#8230; <\/span><\/p>\n<p>&nbsp;<\/p>\n<h3><span style=\"color: #ffffff;\"><u><span style=\"color: #ffffff;\">Mise en sc\u00e8ne: C\u00e9line Cambier.<\/span> <\/u><\/span><br \/>\n<u><\/u><\/h3>\n<p><span style=\"color: #ffffff;\">Le samedi 12 mai \u00e0 16h30<\/span><br \/>\n<span style=\"color: #ffffff;\"> \u00e0 la salle Forum du Coll\u00e8ge Notre-Dame rue Blandinoise, 23 \u00e0 Tournai<\/span><\/p>\n<p><span style=\"color: #ffffff;\">Entr\u00e9e payante:<\/span><br \/>\n<span style=\"color: #ffffff;\"> &#8211; enfants : 3,00 \u20ac<\/span><br \/>\n<span style=\"color: #ffffff;\"> &#8211; \u00e9tudiants : 5,00 \u20ac<\/span><br \/>\n<span style=\"color: #ffffff;\"> &#8211; adultes : 7,00 \u20ac<\/span><\/p>\n<p><span style=\"color: #ffffff;\">Entr\u00e9e gratuite pour les membres de la Mj Port&rsquo;Ouverte et Luch&rsquo;Ouverte.<\/span><\/p>\n<p><span style=\"color: #ffffff;\">Info: info@lesenfantsdarto.be<\/span><\/p>\n<p>&nbsp;<\/p>\n<p>&nbsp;<\/p>\n<p><img loading=\"lazy\" decoding=\"async\" class=\"alignleft wp-image-597 size-large\" src=\"https:\/\/www.lesenfantsdarto.be\/ledao\/wp-content\/uploads\/2018\/04\/cerise-768x1024.jpg\" alt=\"\" width=\"620\" height=\"827\" srcset=\"https:\/\/www.lesenfantsdarto.be\/ledao\/wp-content\/uploads\/2018\/04\/cerise-768x1024.jpg 768w, https:\/\/www.lesenfantsdarto.be\/ledao\/wp-content\/uploads\/2018\/04\/cerise-225x300.jpg 225w, https:\/\/www.lesenfantsdarto.be\/ledao\/wp-content\/uploads\/2018\/04\/cerise-620x827.jpg 620w\" sizes=\"auto, (max-width: 620px) 100vw, 620px\" \/><\/p>\n<!-- AddThis Advanced Settings generic via filter on the_content --><!-- AddThis Share Buttons generic via filter on the_content -->","protected":false},"excerpt":{"rendered":"<p>\u00ab Le temps des cerises \u00bb de Fran\u00e7ois Salmon. &nbsp; R\u00e9sum\u00e9 Dalton S.I. annonce le rachat d&rsquo;un vieux th\u00e9\u00e2tre pour y construire leur si\u00e8ge europ\u00e9en. Une bande de jeunes investit le b\u00e2timent afin d&#8217;emp\u00eacher sa d\u00e9molition. Deux squatteurs occupent les lieux lorsque les fils Dalton font le tour du propri\u00e9taire&#8230; &nbsp; Mise en sc\u00e8ne: C\u00e9line [&hellip;]<!-- AddThis Advanced Settings generic via filter on get_the_excerpt --><!-- AddThis Share Buttons generic via filter on get_the_excerpt --><\/p>\n","protected":false},"author":1,"featured_media":0,"parent":0,"menu_order":0,"comment_status":"closed","ping_status":"closed","template":"","meta":{"footnotes":""},"class_list":["post-493","page","type-page","status-publish","hentry"],"_links":{"self":[{"href":"https:\/\/www.lesenfantsdarto.be\/ledao\/wp-json\/wp\/v2\/pages\/493","targetHints":{"allow":["GET"]}}],"collection":[{"href":"https:\/\/www.lesenfantsdarto.be\/ledao\/wp-json\/wp\/v2\/pages"}],"about":[{"href":"https:\/\/www.lesenfantsdarto.be\/ledao\/wp-json\/wp\/v2\/types\/page"}],"author":[{"embeddable":true,"href":"https:\/\/www.lesenfantsdarto.be\/ledao\/wp-json\/wp\/v2\/users\/1"}],"replies":[{"embeddable":true,"href":"https:\/\/www.lesenfantsdarto.be\/ledao\/wp-json\/wp\/v2\/comments?post=493"}],"version-history":[{"count":5,"href":"https:\/\/www.lesenfantsdarto.be\/ledao\/wp-json\/wp\/v2\/pages\/493\/revisions"}],"predecessor-version":[{"id":599,"href":"https:\/\/www.lesenfantsdarto.be\/ledao\/wp-json\/wp\/v2\/pages\/493\/revisions\/599"}],"wp:attachment":[{"href":"https:\/\/www.lesenfantsdarto.be\/ledao\/wp-json\/wp\/v2\/media?parent=493"}],"curies":[{"name":"wp","href":"https:\/\/api.w.org\/{rel}","templated":true}]}}