{"id":373,"date":"2017-04-10T10:53:50","date_gmt":"2017-04-10T09:53:50","guid":{"rendered":"http:\/\/www.lesenfantsdarto.be\/ledao\/?page_id=373"},"modified":"2017-04-10T10:54:30","modified_gmt":"2017-04-10T09:54:30","slug":"qui-est-la","status":"publish","type":"page","link":"https:\/\/www.lesenfantsdarto.be\/ledao\/qui-est-la\/","title":{"rendered":"qui est la"},"content":{"rendered":"<h2><span style=\"color: #ffffff;\">\u00ab Qui est l\u00e0\u00a0? Fant\u00f4me, monstre? \u00bb<\/span><\/h2>\n<p>&nbsp;<\/p>\n<p><span style=\"color: #ffffff;\"><u>R\u00e9sum\u00e9 <\/u><\/span><\/p>\n<p><span style=\"color: #ffffff;\">Des voisins un peu b\u00eates appellent les esprits mais sans succ\u00e8s jusqu&rsquo;\u00e0 ce que des coups retentissent&#8230; Et aussi, un groupe d&rsquo;enfants accompagn\u00e9s par des animaux qui parlent sont \u00e0 la recherche d&rsquo;un terrriiible monstre&#8230; L&rsquo;atelier enfants vous pr\u00e9sente deux courtes pi\u00e8ces. On vous d\u00e9voilera tous ces myst\u00e8res \ud83d\ude42<\/span><br \/>\n<span style=\"color: #ffffff;\"> Dur\u00e9e: 40 min.<\/span><\/p>\n<p>&nbsp;<\/p>\n<p><span style=\"color: #ffffff;\"><u>Mise en sc\u00e8ne: C\u00e9line Cambier. <\/u><\/span><\/p>\n<p><span style=\"color: #ffffff;\">Le dimanche 14 mai 2017 \u00e0 14h<\/span><br \/>\n<span style=\"color: #ffffff;\"> \u00e0 la salle Forum du Coll\u00e8ge Notre-Dame rue Blandinoise, 23 \u00e0 Tournai<\/span><\/p>\n<p><span style=\"color: #ffffff;\">Entr\u00e9e payante:<\/span><br \/>\n<span style=\"color: #ffffff;\"> &#8211; enfants : 3,00 \u20ac<\/span><br \/>\n<span style=\"color: #ffffff;\"> &#8211; \u00e9tudiants : 5,00 \u20ac<\/span><br \/>\n<span style=\"color: #ffffff;\"> &#8211; adultes : 7,00 \u20ac<\/span><\/p>\n<p><span style=\"color: #ffffff;\">Entr\u00e9e gratuite pour les membres de la Mj Port&rsquo;Ouverte et Luch&rsquo;Ouverte.<\/span><\/p>\n<p><span style=\"color: #ffffff;\">Info : 069\/810.261<\/span><\/p>\n<!-- AddThis Advanced Settings generic via filter on the_content --><!-- AddThis Share Buttons generic via filter on the_content -->","protected":false},"excerpt":{"rendered":"<p>\u00ab Qui est l\u00e0\u00a0? Fant\u00f4me, monstre? \u00bb &nbsp; R\u00e9sum\u00e9 Des voisins un peu b\u00eates appellent les esprits mais sans succ\u00e8s jusqu&rsquo;\u00e0 ce que des coups retentissent&#8230; Et aussi, un groupe d&rsquo;enfants accompagn\u00e9s par des animaux qui parlent sont \u00e0 la recherche d&rsquo;un terrriiible monstre&#8230; L&rsquo;atelier enfants vous pr\u00e9sente deux courtes pi\u00e8ces. On vous d\u00e9voilera tous [&hellip;]<!-- AddThis Advanced Settings generic via filter on get_the_excerpt --><!-- AddThis Share Buttons generic via filter on get_the_excerpt --><\/p>\n","protected":false},"author":1,"featured_media":0,"parent":0,"menu_order":0,"comment_status":"closed","ping_status":"closed","template":"","meta":{"footnotes":""},"class_list":["post-373","page","type-page","status-publish","hentry"],"_links":{"self":[{"href":"https:\/\/www.lesenfantsdarto.be\/ledao\/wp-json\/wp\/v2\/pages\/373","targetHints":{"allow":["GET"]}}],"collection":[{"href":"https:\/\/www.lesenfantsdarto.be\/ledao\/wp-json\/wp\/v2\/pages"}],"about":[{"href":"https:\/\/www.lesenfantsdarto.be\/ledao\/wp-json\/wp\/v2\/types\/page"}],"author":[{"embeddable":true,"href":"https:\/\/www.lesenfantsdarto.be\/ledao\/wp-json\/wp\/v2\/users\/1"}],"replies":[{"embeddable":true,"href":"https:\/\/www.lesenfantsdarto.be\/ledao\/wp-json\/wp\/v2\/comments?post=373"}],"version-history":[{"count":2,"href":"https:\/\/www.lesenfantsdarto.be\/ledao\/wp-json\/wp\/v2\/pages\/373\/revisions"}],"predecessor-version":[{"id":376,"href":"https:\/\/www.lesenfantsdarto.be\/ledao\/wp-json\/wp\/v2\/pages\/373\/revisions\/376"}],"wp:attachment":[{"href":"https:\/\/www.lesenfantsdarto.be\/ledao\/wp-json\/wp\/v2\/media?parent=373"}],"curies":[{"name":"wp","href":"https:\/\/api.w.org\/{rel}","templated":true}]}}