{"id":352,"date":"2017-04-05T17:25:20","date_gmt":"2017-04-05T16:25:20","guid":{"rendered":"http:\/\/www.lesenfantsdarto.be\/ledao\/?page_id=352"},"modified":"2018-03-18T17:10:19","modified_gmt":"2018-03-18T16:10:19","slug":"roman","status":"publish","type":"page","link":"https:\/\/www.lesenfantsdarto.be\/ledao\/roman\/","title":{"rendered":"Roman"},"content":{"rendered":"<h2><span style=\"color: #ffffff;\">\u00ab Roman \u00bb de Fabien Arca.<\/span><\/h2>\n<p>&nbsp;<\/p>\n<h3><span style=\"color: #ffffff;\"><u>R\u00e9sum\u00e9 <\/u><\/span><\/h3>\n<p><span style=\"color: #ffffff;\">Le quotidien des adolescents en qu\u00eate de leur propre identit\u00e9 n\u2019est pas toujours de tout repos\u00a0: les parents, les questions existentielles, les premiers flirts et premi\u00e8res d\u00e9convenues\u2026 Heureusement, il reste l\u2019humour. Un ensemble de courtes s\u00e9quences mise en sc\u00e8ne par <strong>C\u00e9line Cambier<\/strong>.<\/span><\/p>\n<p>&nbsp;<\/p>\n<p><span style=\"color: #ffffff;\">Le dimanche 14 mai 2017 \u00e0 11h<\/span><br \/>\n<span style=\"color: #ffffff;\"> \u00e0 la salle Forum du Coll\u00e8ge Notre-Dame rue Blandinoise, 23 \u00e0 Tournai<\/span><\/p>\n<p><span style=\"color: #ffffff;\">Entr\u00e9e payante:<\/span><br \/>\n<span style=\"color: #ffffff;\"> &#8211; enfants : 3,00 \u20ac<\/span><br \/>\n<span style=\"color: #ffffff;\"> &#8211; \u00e9tudiants : 5,00 \u20ac<\/span><br \/>\n<span style=\"color: #ffffff;\"> &#8211; adultes : 7,00 \u20ac<\/span><\/p>\n<p><span style=\"color: #ffffff;\">Entr\u00e9e gratuite pour les membres de la Mj Port&rsquo;Ouverte et Luch&rsquo;Ouverte.<\/span><\/p>\n<p><span style=\"color: #ffffff;\">Info: 069\/810.261<\/span><\/p>\n<p>&nbsp;<\/p>\n<!-- AddThis Advanced Settings generic via filter on the_content --><!-- AddThis Share Buttons generic via filter on the_content -->","protected":false},"excerpt":{"rendered":"<p>\u00ab Roman \u00bb de Fabien Arca. &nbsp; R\u00e9sum\u00e9 Le quotidien des adolescents en qu\u00eate de leur propre identit\u00e9 n\u2019est pas toujours de tout repos\u00a0: les parents, les questions existentielles, les premiers flirts et premi\u00e8res d\u00e9convenues\u2026 Heureusement, il reste l\u2019humour. Un ensemble de courtes s\u00e9quences mise en sc\u00e8ne par C\u00e9line Cambier. &nbsp; Le dimanche 14 mai [&hellip;]<!-- AddThis Advanced Settings generic via filter on get_the_excerpt --><!-- AddThis Share Buttons generic via filter on get_the_excerpt --><\/p>\n","protected":false},"author":1,"featured_media":0,"parent":0,"menu_order":0,"comment_status":"closed","ping_status":"closed","template":"","meta":{"footnotes":""},"class_list":["post-352","page","type-page","status-publish","hentry"],"_links":{"self":[{"href":"https:\/\/www.lesenfantsdarto.be\/ledao\/wp-json\/wp\/v2\/pages\/352","targetHints":{"allow":["GET"]}}],"collection":[{"href":"https:\/\/www.lesenfantsdarto.be\/ledao\/wp-json\/wp\/v2\/pages"}],"about":[{"href":"https:\/\/www.lesenfantsdarto.be\/ledao\/wp-json\/wp\/v2\/types\/page"}],"author":[{"embeddable":true,"href":"https:\/\/www.lesenfantsdarto.be\/ledao\/wp-json\/wp\/v2\/users\/1"}],"replies":[{"embeddable":true,"href":"https:\/\/www.lesenfantsdarto.be\/ledao\/wp-json\/wp\/v2\/comments?post=352"}],"version-history":[{"count":5,"href":"https:\/\/www.lesenfantsdarto.be\/ledao\/wp-json\/wp\/v2\/pages\/352\/revisions"}],"predecessor-version":[{"id":502,"href":"https:\/\/www.lesenfantsdarto.be\/ledao\/wp-json\/wp\/v2\/pages\/352\/revisions\/502"}],"wp:attachment":[{"href":"https:\/\/www.lesenfantsdarto.be\/ledao\/wp-json\/wp\/v2\/media?parent=352"}],"curies":[{"name":"wp","href":"https:\/\/api.w.org\/{rel}","templated":true}]}}