{"id":339,"date":"2017-04-05T16:58:35","date_gmt":"2017-04-05T15:58:35","guid":{"rendered":"http:\/\/www.lesenfantsdarto.be\/ledao\/?page_id=339"},"modified":"2017-04-08T14:02:42","modified_gmt":"2017-04-08T13:02:42","slug":"les-troyennes","status":"publish","type":"page","link":"https:\/\/www.lesenfantsdarto.be\/ledao\/les-troyennes\/","title":{"rendered":"Les Troyennes"},"content":{"rendered":"<h2><span style=\"color: #ffffff;\">\u00ab\u00a0Les Troyennes\u00a0\u00bb\u00a0 d\u2019Euripide, adapt\u00e9 par Jean-Paul Sartre.<\/span><\/h2>\n<p>&nbsp;<\/p>\n<h3><span style=\"color: #ffffff;\"><u>R\u00e9sum\u00e9 <\/u><\/span><\/h3>\n<p><span style=\"color: #ffffff;\">Classique de l&rsquo;Histoire (la guerre de Troie) revisit\u00e9 de fa\u00e7on moderne par l&rsquo;atelier adultes. Cette trag\u00e9die grecque, nous rappelle notre soci\u00e9t\u00e9 actuelle en proie \u00e0 ses d\u00e9mons. O\u00f9 iront les Troyennes devenues butin de guerre? Et \u00e0 quoi jouent les dieux?<\/span><\/p>\n<p><span style=\"color: #ffffff;\">H\u00e9l\u00e8ne, \u00e9pouse de M\u00e9n\u00e9las (roi de Sparte) est \u00ab\u00a0enlev\u00e9e\u00a0\u00bb par P\u00e2ris, prince de Troie. En d\u00e9coule une guerre qui durera plus de dix ans. Le fameux cheval de Troie offrira la victoire \u00e0 M\u00e9n\u00e9las et aux grecs. La pi\u00e8ce de th\u00e9\u00e2tre commence au moment o\u00f9 les Troyennes devront \u00eatre partag\u00e9es comme butin de guerre. O\u00f9 iront Cassandre et Andromaque? Que deviendra H\u00e9l\u00e8ne? Apparaissent Ath\u00e9na, Pos\u00e9idon et l&rsquo;ombre de Zeus qui devisent sur le sort des humains. Amours, haines, guerres, passions, trahisons,&#8230; S&rsquo;y m\u00ealent les jeux de pouvoir et le souvenir des fameux h\u00e9ros Achille et Hector.<\/span><\/p>\n<p>&nbsp;<\/p>\n<h3><span style=\"color: #ffffff;\"><u><span style=\"color: #ffffff;\">Mise en sc\u00e8ne: C\u00e9line Cambier.<\/span> <\/u><\/span><br \/>\n<u><\/u><\/h3>\n<p><span style=\"color: #ffffff;\">Le samedi 13 mai \u00e0 20h et le dimanche 14 mai 2017 \u00e0 17h<\/span><br \/>\n<span style=\"color: #ffffff;\"> \u00e0 la salle Forum du Coll\u00e8ge Notre-Dame rue Blandinoise, 23\u00a0 \u00e0 Tournai<\/span><\/p>\n<p><span style=\"color: #ffffff;\">Entr\u00e9e payante:<\/span><br \/>\n<span style=\"color: #ffffff;\"> &#8211; enfants : 3,00 \u20ac<\/span><br \/>\n<span style=\"color: #ffffff;\"> &#8211; \u00e9tudiants : 7,00 \u20ac<\/span><br \/>\n<span style=\"color: #ffffff;\"> &#8211; adultes : 10,00 \u20ac<\/span><\/p>\n<p><span style=\"color: #ffffff;\">Entr\u00e9e gratuite pour les membres de la Mj Port&rsquo;Ouverte et Luch&rsquo;Ouverte.<\/span><\/p>\n<p><span style=\"color: #ffffff;\">Info: 069\/810.261<\/span><\/p>\n<p>&nbsp;<\/p>\n<p><a href=\"https:\/\/www.lesenfantsdarto.be\/ledao\/wp-content\/uploads\/2017\/04\/couv3nega.jpg\"><img loading=\"lazy\" decoding=\"async\" class=\"alignnone wp-image-343 size-large\" src=\"https:\/\/www.lesenfantsdarto.be\/ledao\/wp-content\/uploads\/2017\/04\/couv3nega-1024x511.jpg\" alt=\"\" width=\"620\" height=\"309\" srcset=\"https:\/\/www.lesenfantsdarto.be\/ledao\/wp-content\/uploads\/2017\/04\/couv3nega-1024x511.jpg 1024w, https:\/\/www.lesenfantsdarto.be\/ledao\/wp-content\/uploads\/2017\/04\/couv3nega-300x150.jpg 300w, https:\/\/www.lesenfantsdarto.be\/ledao\/wp-content\/uploads\/2017\/04\/couv3nega-768x383.jpg 768w, https:\/\/www.lesenfantsdarto.be\/ledao\/wp-content\/uploads\/2017\/04\/couv3nega-620x310.jpg 620w\" sizes=\"auto, (max-width: 620px) 100vw, 620px\" \/><\/a><\/p>\n<!-- AddThis Advanced Settings generic via filter on the_content --><!-- AddThis Share Buttons generic via filter on the_content -->","protected":false},"excerpt":{"rendered":"<p>\u00ab\u00a0Les Troyennes\u00a0\u00bb\u00a0 d\u2019Euripide, adapt\u00e9 par Jean-Paul Sartre. &nbsp; R\u00e9sum\u00e9 Classique de l&rsquo;Histoire (la guerre de Troie) revisit\u00e9 de fa\u00e7on moderne par l&rsquo;atelier adultes. Cette trag\u00e9die grecque, nous rappelle notre soci\u00e9t\u00e9 actuelle en proie \u00e0 ses d\u00e9mons. O\u00f9 iront les Troyennes devenues butin de guerre? Et \u00e0 quoi jouent les dieux? H\u00e9l\u00e8ne, \u00e9pouse de M\u00e9n\u00e9las (roi [&hellip;]<!-- AddThis Advanced Settings generic via filter on get_the_excerpt --><!-- AddThis Share Buttons generic via filter on get_the_excerpt --><\/p>\n","protected":false},"author":1,"featured_media":0,"parent":0,"menu_order":0,"comment_status":"closed","ping_status":"closed","template":"","meta":{"footnotes":""},"class_list":["post-339","page","type-page","status-publish","hentry"],"_links":{"self":[{"href":"https:\/\/www.lesenfantsdarto.be\/ledao\/wp-json\/wp\/v2\/pages\/339","targetHints":{"allow":["GET"]}}],"collection":[{"href":"https:\/\/www.lesenfantsdarto.be\/ledao\/wp-json\/wp\/v2\/pages"}],"about":[{"href":"https:\/\/www.lesenfantsdarto.be\/ledao\/wp-json\/wp\/v2\/types\/page"}],"author":[{"embeddable":true,"href":"https:\/\/www.lesenfantsdarto.be\/ledao\/wp-json\/wp\/v2\/users\/1"}],"replies":[{"embeddable":true,"href":"https:\/\/www.lesenfantsdarto.be\/ledao\/wp-json\/wp\/v2\/comments?post=339"}],"version-history":[{"count":10,"href":"https:\/\/www.lesenfantsdarto.be\/ledao\/wp-json\/wp\/v2\/pages\/339\/revisions"}],"predecessor-version":[{"id":372,"href":"https:\/\/www.lesenfantsdarto.be\/ledao\/wp-json\/wp\/v2\/pages\/339\/revisions\/372"}],"wp:attachment":[{"href":"https:\/\/www.lesenfantsdarto.be\/ledao\/wp-json\/wp\/v2\/media?parent=339"}],"curies":[{"name":"wp","href":"https:\/\/api.w.org\/{rel}","templated":true}]}}