{"id":27,"date":"2016-06-03T11:26:35","date_gmt":"2016-06-03T10:26:35","guid":{"rendered":"http:\/\/lesenfantsdarto.be\/ledao\/?page_id=27"},"modified":"2016-06-18T16:47:49","modified_gmt":"2016-06-18T15:47:49","slug":"a-propos","status":"publish","type":"page","link":"https:\/\/www.lesenfantsdarto.be\/ledao\/a-propos\/","title":{"rendered":"\u00c0 propos"},"content":{"rendered":"<p><span style=\"color: #ffffff;\">\u00ab Il avait raison Van Gogh, on peut vivre pour l\u2019infini, ne se satisfaire que d\u2019infini,<\/span><\/p>\n<p><span style=\"color: #ffffff;\">il y a assez d\u2019infini sur la terre et dans les sph\u00e8res pour rassasier mille grands g\u00e9nies. \u00bb<\/span><\/p>\n<p><span style=\"color: #ffffff;\">\u00a0\u00a0\u00a0\u00a0\u00a0\u00a0\u00a0\u00a0\u00a0\u00a0\u00a0\u00a0\u00a0\u00a0\u00a0\u00a0\u00a0\u00a0\u00a0\u00a0\u00a0\u00a0\u00a0\u00a0\u00a0\u00a0\u00a0\u00a0\u00a0\u00a0\u00a0\u00a0\u00a0\u00a0\u00a0\u00a0\u00a0\u00a0\u00a0\u00a0\u00a0\u00a0\u00a0\u00a0\u00a0\u00a0\u00a0\u00a0\u00a0\u00a0\u00a0\u00a0\u00a0\u00a0\u00a0\u00a0\u00a0\u00a0\u00a0\u00a0\u00a0\u00a0\u00a0\u00a0\u00a0\u00a0\u00a0\u00a0\u00a0\u00a0\u00a0\u00a0\u00a0\u00a0\u00a0\u00a0\u00a0\u00a0\u00a0\u00a0\u00a0\u00a0\u00a0\u00a0\u00a0\u00a0\u00a0\u00a0\u00a0\u00a0\u00a0\u00a0\u00a0\u00a0 Antonin Artaud<\/span><\/p>\n<p>&nbsp;<\/p>\n<p>&nbsp;<\/p>\n<h2><span style=\"color: #ffffff;\">\u00c0 propos du Th\u00e9\u00e2tre les Enfants d\u2019Art\u2019\u00d4<\/span><\/h2>\n<p><span style=\"color: #ffffff;\">Le Th\u00e9\u00e2tre les Enfants d\u2019Art\u2019 \u00d4 (anciennement Th\u00e9\u00e2tre Bleu Marine ) a \u00e9t\u00e9 cr\u00e9\u00e9 en 2005.<\/span><\/p>\n<p><span style=\"color: #ffffff;\">Cette \u00e9cole d\u2019art vous propose :<\/span><\/p>\n<ul>\n<li><span style=\"color: #ffffff;\">des ateliers th\u00e9\u00e2tre pour enfants, adolescents et adultes<\/span><\/li>\n<li><span style=\"color: #ffffff;\">des ateliers th\u00e9\u00e2tre dans les \u00e9coles<\/span><\/li>\n<li><span style=\"color: #ffffff;\">des stages d\u2019initiation au cin\u00e9ma et cr\u00e9ation d\u2019un court-m\u00e9trage<\/span><\/li>\n<\/ul>\n<p><span style=\"color: #ffffff;\">Les ateliers th\u00e9\u00e2tre et les stages cin\u00e9ma sont donn\u00e9s par des professionnels dont C\u00e9line Cambier et Kinovideo.<\/span><\/p>\n<p><span style=\"color: #ffffff;\">Le Th\u00e9\u00e2tre les Enfants d\u2019Art\u2019\u00d4 cr\u00e9e \u00e9galement des courts-m\u00e9trages, lectures-spectacles, des voix et doublages.<\/span><\/p>\n<p>&nbsp;<\/p>\n<!-- AddThis Advanced Settings generic via filter on the_content --><!-- AddThis Share Buttons generic via filter on the_content -->","protected":false},"excerpt":{"rendered":"<p>\u00ab Il avait raison Van Gogh, on peut vivre pour l\u2019infini, ne se satisfaire que d\u2019infini, il y a assez d\u2019infini sur la terre et dans les sph\u00e8res pour rassasier mille grands g\u00e9nies. \u00bb \u00a0\u00a0\u00a0\u00a0\u00a0\u00a0\u00a0\u00a0\u00a0\u00a0\u00a0\u00a0\u00a0\u00a0\u00a0\u00a0\u00a0\u00a0\u00a0\u00a0\u00a0\u00a0\u00a0\u00a0\u00a0\u00a0\u00a0\u00a0\u00a0\u00a0\u00a0\u00a0\u00a0\u00a0\u00a0\u00a0\u00a0\u00a0\u00a0\u00a0\u00a0\u00a0\u00a0\u00a0\u00a0\u00a0\u00a0\u00a0\u00a0\u00a0\u00a0\u00a0\u00a0\u00a0\u00a0\u00a0\u00a0\u00a0\u00a0\u00a0\u00a0\u00a0\u00a0\u00a0\u00a0\u00a0\u00a0\u00a0\u00a0\u00a0\u00a0\u00a0\u00a0\u00a0\u00a0\u00a0\u00a0\u00a0\u00a0\u00a0\u00a0\u00a0\u00a0\u00a0\u00a0\u00a0\u00a0\u00a0\u00a0\u00a0\u00a0\u00a0\u00a0\u00a0 Antonin Artaud &nbsp; &nbsp; \u00c0 propos du Th\u00e9\u00e2tre les Enfants d\u2019Art\u2019\u00d4 Le Th\u00e9\u00e2tre les Enfants d\u2019Art\u2019 \u00d4 (anciennement Th\u00e9\u00e2tre Bleu [&hellip;]<!-- AddThis Advanced Settings generic via filter on get_the_excerpt --><!-- AddThis Share Buttons generic via filter on get_the_excerpt --><\/p>\n","protected":false},"author":1,"featured_media":0,"parent":0,"menu_order":0,"comment_status":"closed","ping_status":"closed","template":"","meta":{"footnotes":""},"class_list":["post-27","page","type-page","status-publish","hentry"],"_links":{"self":[{"href":"https:\/\/www.lesenfantsdarto.be\/ledao\/wp-json\/wp\/v2\/pages\/27","targetHints":{"allow":["GET"]}}],"collection":[{"href":"https:\/\/www.lesenfantsdarto.be\/ledao\/wp-json\/wp\/v2\/pages"}],"about":[{"href":"https:\/\/www.lesenfantsdarto.be\/ledao\/wp-json\/wp\/v2\/types\/page"}],"author":[{"embeddable":true,"href":"https:\/\/www.lesenfantsdarto.be\/ledao\/wp-json\/wp\/v2\/users\/1"}],"replies":[{"embeddable":true,"href":"https:\/\/www.lesenfantsdarto.be\/ledao\/wp-json\/wp\/v2\/comments?post=27"}],"version-history":[{"count":6,"href":"https:\/\/www.lesenfantsdarto.be\/ledao\/wp-json\/wp\/v2\/pages\/27\/revisions"}],"predecessor-version":[{"id":235,"href":"https:\/\/www.lesenfantsdarto.be\/ledao\/wp-json\/wp\/v2\/pages\/27\/revisions\/235"}],"wp:attachment":[{"href":"https:\/\/www.lesenfantsdarto.be\/ledao\/wp-json\/wp\/v2\/media?parent=27"}],"curies":[{"name":"wp","href":"https:\/\/api.w.org\/{rel}","templated":true}]}}